{"id":9573,"date":"2020-03-06T15:46:17","date_gmt":"2020-03-06T14:46:17","guid":{"rendered":"http:\/\/localhost\/sveta\/crowdfunding\/"},"modified":"2020-05-08T10:46:28","modified_gmt":"2020-05-08T08:46:28","slug":"crowdfunding","status":"publish","type":"page","link":"https:\/\/sveta.world\/en\/crowdfunding\/","title":{"rendered":"Crowdfunding"},"content":{"rendered":"<p>Crowdfunding\t\t\t\t<\/p>\n<h2>Sveta on Startnext<\/h2>\n<p>Sveta is an independent startup run by women and it should stay that way! We put the fair, sustainable and healthy treatment of the environment, people and our CBD products first. We\u2019ve put our focus on the still underrated hemp plant. At <a href=\"http:\/\/startnext.com\/sveta\">startnext.com\/sveta<\/a> you can help us develop new, local and tested high-quality products for you. That\u2019s why we need you, especially now! Every donation helps us achieve our goal.*<\/p>\n<p><strong>Our crowdfunding campaign runs from February 25 until May 25, 2020.<\/strong><\/p>\n<p>https:\/\/www.youtube.com\/watch?v=fYrE6Z7-yvw<br \/>\n\t\t\t<a href=\"https:\/\/www.startnext.com\/sveta?utm_source=startnext&amp;utm_medium=extwidget&amp;utm_campaign=projectbutton&amp;utm_term=projectpromo\" target=\"_blank\" rel=\"nofollow noopener noreferrer\" role=\"button\"><br \/>\n\t\t\t\t\t\tSupport at STARTNEXT<br \/>\n\t\t\t\t\t<\/a><\/p>\n<p>*As a thank you for your support, you get small goodies as well as our exclusive Sveta packages, depending on the amount of your donation, as soon as we\u2019ve reached our first funding goal on April 30. The wait is worth it, we promise. If we shouldn\u2019t reach our goal, we will refund your donation.<\/p>\n<h2>What is Startnext?<\/h2>\n<p>Startnext was founded in 2010 as the first German crowdfunding platform. The goal is to support creative and innovative people in promoting their products and putting up the necessary funds to finance them. Since February 25, 2020, Sveta has had a campaign on Startnext as well.<\/p>\n<h2>Our Sveta Packages<\/h2>\n<p>Until the end of ourcrowsfundung campaign, our Sveta packages are available exclusively on Startnext and will be send to you upon the successful conclusion of our first funding phase.<\/p>\n<p>\t\t\t\t\t\t\tVoriger<br \/>\n\t\t\t\t\t\t\tN\u00e4chster<\/p>\n<h2>\nSveta Family<\/h2>\n<p>The all-round package with all Sveta highlights.<\/p>\n<p>We thank you for your support:\u2028Our Sveta Family package is exclusively available on Startnext from February 25 until May 25, 2020. Become a part of our crowdfunding campaign and benefit from exclusive discounts.<\/p>\n<p><strong>Sveta CBD Oil Drops 8%<\/strong><br \/><strong>8% full spectrum CBD oil, 10 ml<\/strong><br \/>A natural, Austrian hemp product, organically farmed and rich in high quality, tested ingredients. The dark, 8 per cent full spectrum CBD oil has a lovely earthy scent and is free from artificial additives.<\/p>\n<p><strong>Sveta CBD Oil Drops 15%<\/strong><br \/><strong>15% full spectrum CBD oil, 10 ml<\/strong><br \/>An intensely aromatic Austrian hemp product from organic and sustainable farming. This repleted, dark full spectrum oil is rich in high quality, tested ingredients has a mild and nutty scent and is free from artificial additives.<\/p>\n<p><strong>Sveta Hemp Flowers 6%<\/strong><br \/><strong>6% CBD hemp flowers.<\/strong><br \/>All-natural organic hemp, sustainably farmed in Lower Austria and processed gently. These organic CBD buds are especially aromatic and effective. Quality and sustainability are essential features of the Sveta 6% CBD hemp flowers.<\/p>\n<ul>\n<li>\n\t\t\t\t\t<a href=\"https:\/\/www.startnext.com\/sveta\" target=\"_blank\" rel=\"noopener noreferrer\"><br \/>\n\t\t\t\t\t\tShop Now&nbsp;&nbsp;&nbsp;&nbsp;&nbsp;&nbsp;&nbsp;&nbsp;&nbsp;&nbsp;&nbsp;&nbsp;&nbsp;&nbsp;&nbsp;&nbsp;\u20ac135<br \/>\n\t\t\t\t\t\t\t\t\t\t\t<\/a>\n\t\t\t\t<\/li>\n<\/ul>\n<p>\t\t\t\t\t\t\tVoriger<br \/>\n\t\t\t\t\t\t\tN\u00e4chster<\/p>\n<h2>Sveta All-purpose<\/h2>\n<p>Our favorite duo for any situation.<\/p>\n<p>We thank you for your support:\u2028Our Sveta All-Purpose package is exclusively available on Startnext from February 25 until May 25, 2020. Become a part of our crowdfunding campaign and benefit from exclusive discounts.<\/p>\n<p><strong>Sveta CBD Oil Drops 8%<\/strong><br \/><strong>8% full spectrum CBD oil, 10 ml<\/strong><br \/>A natural, Austrian hemp product, organically farmed and rich in high quality, tested ingredients. The dark, 8 per cent full spectrum CBD oil has a lovely earthy scent and is free from artificial additives.<\/p>\n<p><strong>Sveta CBD Oil Drops 15%<\/strong><br \/><strong>15% full spectrum CBD oil, 10 ml<\/strong><br \/>An intensely aromatic Austrian hemp product from organic and sustainable farming. This repleted, dark full spectrum oil is rich in high quality, tested ingredients has a mild and nutty scent and is free from artificial additives.<\/p>\n<ul>\n<li>\n\t\t\t\t\t<a href=\"https:\/\/www.startnext.com\/sveta\"><br \/>\n\t\t\t\t\t\tShop Now&nbsp;&nbsp;&nbsp;&nbsp;&nbsp;&nbsp;&nbsp;&nbsp;&nbsp;&nbsp;&nbsp;&nbsp;&nbsp;&nbsp;&nbsp;&nbsp;\u20ac112.5<br \/>\n\t\t\t\t\t\t\t\t\t\t\t<\/a>\n\t\t\t\t<\/li>\n<\/ul>\n<p>\t\t\t\t\t\t\tVoriger<br \/>\n\t\t\t\t\t\t\tN\u00e4chster<\/p>\n<h2>Sveta Balance<\/h2>\n<p>For more balance in the hustle and bustle of daily life.<\/p>\n<p>We thank you for your support:\u2028Our Sveta Balance package is exclusively available on Startnext from February 25 until May 25, 2020. Become a part of our crowdfunding campaign and benefit from exclusive discounts.<\/p>\n<p><strong>Sveta CBD Oil Drops 8%<\/strong><br \/><strong>8% full spectrum CBD oil, 10 ml<\/strong><br \/>A natural, Austrian hemp product, organically farmed and rich in high quality, tested ingredients. The dark, 8 per cent full spectrum CBD oil has a lovely earthy scent and is free from artificial additives.<\/p>\n<p><strong>Sveta Hemp Flowers 6%<\/strong><br \/><strong>6% CBD hemp flowers.<\/strong><br \/>All-natural organic hemp, sustainably farmed in Lower Austria and processed gently. These organic CBD buds are especially aromatic and effective. Quality and sustainability are essential features of the Sveta 6% CBD hemp flowers.<\/p>\n<ul>\n<li>\n\t\t\t\t\t<a href=\"https:\/\/www.startnext.com\/sveta\" target=\"_blank\" rel=\"noopener noreferrer\"><br \/>\n\t\t\t\t\t\tShop Now&nbsp;&nbsp;&nbsp;&nbsp;&nbsp;&nbsp;&nbsp;&nbsp;&nbsp;&nbsp;&nbsp;&nbsp;&nbsp;&nbsp;&nbsp;&nbsp;\u20ac63<br \/>\n\t\t\t\t\t\t\t\t\t\t\t<\/a>\n\t\t\t\t<\/li>\n<\/ul>\n<p>\t\t\t\t\t\t\tVoriger<br \/>\n\t\t\t\t\t\t\tN\u00e4chster<\/p>\n<h2>Sveta Relax<\/h2>\n<p>The combo package for relaxation seekers.<\/p>\n<p>We thank you for your support:\u2028Our Sveta Relax package is exclusively available on Startnext from February 25 until May 25, 2020. Become a part of our crowdfunding campaign and benefit from exclusive discounts.<\/p>\n<p><strong>Sveta CBD Oil Drops 15%<\/strong><br \/><strong>15% full spectrum CBD oil, 10 ml<\/strong><br \/>An intensely aromatic Austrian hemp product from organic and sustainable farming. This repleted, dark full spectrum oil is rich in high quality, tested ingredients has a mild and nutty scent and is free from artificial additives.<\/p>\n<p><strong>Sveta Hemp Flowers 6%<br \/>6% CBD hemp flowers.<\/strong><br \/>All-natural organic hemp, sustainably farmed in Lower Austria and processed gently. These organic CBD buds are especially aromatic and effective. Quality and sustainability are essential features of the Sveta 6% CBD hemp flowers.<\/p>\n<ul>\n<li>\n\t\t\t\t\t<a href=\"https:\/\/www.startnext.com\/sveta\" target=\"_blank\" rel=\"noopener noreferrer\"><br \/>\n\t\t\t\t\t\tShop Now&nbsp;&nbsp;&nbsp;&nbsp;&nbsp;&nbsp;&nbsp;&nbsp;&nbsp;&nbsp;&nbsp;&nbsp;&nbsp;&nbsp;&nbsp;&nbsp;\u20ac94.5<br \/>\n\t\t\t\t\t\t\t\t\t\t\t<\/a>\n\t\t\t\t<\/li>\n<\/ul>\n","protected":false},"excerpt":{"rendered":"<p>Crowdfunding Sveta on Startnext Sveta is an independent startup run by women and it should stay that way! We put the fair, sustainable and healthy treatment of the environment, people [&hellip;]<\/p>\n","protected":false},"author":295,"featured_media":0,"parent":0,"menu_order":26,"comment_status":"closed","ping_status":"closed","template":"","meta":{"footnotes":""},"class_list":["post-9573","page","type-page","status-publish","hentry"],"yoast_head":"<!-- This site is optimized with the Yoast SEO Premium plugin v21.5 (Yoast SEO v24.0) - https:\/\/yoast.com\/wordpress\/plugins\/seo\/ -->\n<title>Sveta Crowdfunding: CBD Produkte aus \u00d6sterreich | 100% Bio-Qualit\u00e4t<\/title>\n<meta name=\"description\" content=\"Unterst\u00fctze uns dabei, unser Sortiment an Bio CBD-\u00d6len &amp; Hanfbl\u00fcten um hochwertige Kostemikprodukte zu erweitern. Erhalte exklusive Crowdfunding-Goodies ...\" \/>\n<meta name=\"robots\" content=\"index, follow, max-snippet:-1, max-image-preview:large, max-video-preview:-1\" \/>\n<link rel=\"canonical\" href=\"https:\/\/sveta.world\/crowdfunding\/\" \/>\n<meta name=\"twitter:label1\" content=\"Est. reading time\" \/>\n\t<meta name=\"twitter:data1\" content=\"4 minutes\" \/>\n<script type=\"application\/ld+json\" class=\"yoast-schema-graph\">{\"@context\":\"https:\/\/schema.org\",\"@graph\":[{\"@type\":\"WebPage\",\"@id\":\"https:\/\/sveta.world\/crowdfunding\/\",\"url\":\"https:\/\/sveta.world\/crowdfunding\/\",\"name\":\"Sveta Crowdfunding: CBD Produkte aus \u00d6sterreich | 100% Bio-Qualit\u00e4t\",\"isPartOf\":{\"@id\":\"https:\/\/sveta.world\/#website\"},\"datePublished\":\"2020-03-06T14:46:17+00:00\",\"dateModified\":\"2020-05-08T08:46:28+00:00\",\"description\":\"Unterst\u00fctze uns dabei, unser Sortiment an Bio CBD-\u00d6len & Hanfbl\u00fcten um hochwertige Kostemikprodukte zu erweitern. Erhalte exklusive Crowdfunding-Goodies ...\",\"breadcrumb\":{\"@id\":\"https:\/\/sveta.world\/crowdfunding\/#breadcrumb\"},\"inLanguage\":\"en-US\",\"potentialAction\":[{\"@type\":\"ReadAction\",\"target\":[\"https:\/\/sveta.world\/crowdfunding\/\"]}]},{\"@type\":\"BreadcrumbList\",\"@id\":\"https:\/\/sveta.world\/crowdfunding\/#breadcrumb\",\"itemListElement\":[{\"@type\":\"ListItem\",\"position\":1,\"name\":\"Startseite\",\"item\":\"https:\/\/sveta.world\/en\/\"},{\"@type\":\"ListItem\",\"position\":2,\"name\":\"Crowdfunding\"}]},{\"@type\":\"WebSite\",\"@id\":\"https:\/\/sveta.world\/#website\",\"url\":\"https:\/\/sveta.world\/\",\"name\":\"Sveta World\",\"description\":\"Feeling nature\",\"potentialAction\":[{\"@type\":\"SearchAction\",\"target\":{\"@type\":\"EntryPoint\",\"urlTemplate\":\"https:\/\/sveta.world\/?s={search_term_string}\"},\"query-input\":{\"@type\":\"PropertyValueSpecification\",\"valueRequired\":true,\"valueName\":\"search_term_string\"}}],\"inLanguage\":\"en-US\"}]}<\/script>\n<!-- \/ Yoast SEO Premium plugin. -->","yoast_head_json":{"title":"Sveta Crowdfunding: CBD Produkte aus \u00d6sterreich | 100% Bio-Qualit\u00e4t","description":"Unterst\u00fctze uns dabei, unser Sortiment an Bio CBD-\u00d6len & Hanfbl\u00fcten um hochwertige Kostemikprodukte zu erweitern. Erhalte exklusive Crowdfunding-Goodies ...","robots":{"index":"index","follow":"follow","max-snippet":"max-snippet:-1","max-image-preview":"max-image-preview:large","max-video-preview":"max-video-preview:-1"},"canonical":"https:\/\/sveta.world\/crowdfunding\/","twitter_misc":{"Est. reading time":"4 minutes"},"schema":{"@context":"https:\/\/schema.org","@graph":[{"@type":"WebPage","@id":"https:\/\/sveta.world\/crowdfunding\/","url":"https:\/\/sveta.world\/crowdfunding\/","name":"Sveta Crowdfunding: CBD Produkte aus \u00d6sterreich | 100% Bio-Qualit\u00e4t","isPartOf":{"@id":"https:\/\/sveta.world\/#website"},"datePublished":"2020-03-06T14:46:17+00:00","dateModified":"2020-05-08T08:46:28+00:00","description":"Unterst\u00fctze uns dabei, unser Sortiment an Bio CBD-\u00d6len & Hanfbl\u00fcten um hochwertige Kostemikprodukte zu erweitern. Erhalte exklusive Crowdfunding-Goodies ...","breadcrumb":{"@id":"https:\/\/sveta.world\/crowdfunding\/#breadcrumb"},"inLanguage":"en-US","potentialAction":[{"@type":"ReadAction","target":["https:\/\/sveta.world\/crowdfunding\/"]}]},{"@type":"BreadcrumbList","@id":"https:\/\/sveta.world\/crowdfunding\/#breadcrumb","itemListElement":[{"@type":"ListItem","position":1,"name":"Startseite","item":"https:\/\/sveta.world\/en\/"},{"@type":"ListItem","position":2,"name":"Crowdfunding"}]},{"@type":"WebSite","@id":"https:\/\/sveta.world\/#website","url":"https:\/\/sveta.world\/","name":"Sveta World","description":"Feeling nature","potentialAction":[{"@type":"SearchAction","target":{"@type":"EntryPoint","urlTemplate":"https:\/\/sveta.world\/?s={search_term_string}"},"query-input":{"@type":"PropertyValueSpecification","valueRequired":true,"valueName":"search_term_string"}}],"inLanguage":"en-US"}]}},"_links":{"self":[{"href":"https:\/\/sveta.world\/en\/wp-json\/wp\/v2\/pages\/9573","targetHints":{"allow":["GET"]}}],"collection":[{"href":"https:\/\/sveta.world\/en\/wp-json\/wp\/v2\/pages"}],"about":[{"href":"https:\/\/sveta.world\/en\/wp-json\/wp\/v2\/types\/page"}],"author":[{"embeddable":true,"href":"https:\/\/sveta.world\/en\/wp-json\/wp\/v2\/users\/295"}],"replies":[{"embeddable":true,"href":"https:\/\/sveta.world\/en\/wp-json\/wp\/v2\/comments?post=9573"}],"version-history":[{"count":0,"href":"https:\/\/sveta.world\/en\/wp-json\/wp\/v2\/pages\/9573\/revisions"}],"wp:attachment":[{"href":"https:\/\/sveta.world\/en\/wp-json\/wp\/v2\/media?parent=9573"}],"curies":[{"name":"wp","href":"https:\/\/api.w.org\/{rel}","templated":true}]}}